{"id":1275,"date":"2024-12-05T10:08:39","date_gmt":"2024-12-05T10:08:39","guid":{"rendered":"https:\/\/avaclinicstg.wpenginepowered.com\/?page_id=1275"},"modified":"2025-10-15T14:35:09","modified_gmt":"2025-10-15T14:35:09","slug":"ava-clinic","status":"publish","type":"page","link":"https:\/\/avaclinic.pt\/en\/ava-clinic\/","title":{"rendered":"AVA Clinic"},"content":{"rendered":"","protected":false},"excerpt":{"rendered":"","protected":false},"author":12,"featured_media":0,"parent":0,"menu_order":0,"comment_status":"closed","ping_status":"closed","template":"","meta":{"_acf_changed":true,"footnotes":""},"class_list":["post-1275","page","type-page","status-publish","hentry"],"acf":[],"yoast_head":"<!-- This site is optimized with the Yoast SEO plugin v27.3 - https:\/\/yoast.com\/product\/yoast-seo-wordpress\/ -->\n<title>AVA Clinic - AVA Clinic EN<\/title>\n<meta name=\"description\" content=\"Cuidados especializados e apoio espec\u00edfico para pacientes internacionais em Portugal. Descubra as raz\u00f5es pelas quais Coimbra \u00e9 o destino ideal para realizar o seu tratamento de fertilidade.\" \/>\n<meta name=\"robots\" content=\"index, follow, max-snippet:-1, max-image-preview:large, max-video-preview:-1\" \/>\n<link rel=\"canonical\" href=\"https:\/\/avaclinic.pt\/en\/ava-clinic\/\" \/>\n<meta property=\"og:locale\" content=\"en_GB\" \/>\n<meta property=\"og:type\" content=\"article\" \/>\n<meta property=\"og:title\" content=\"AVA Clinic - AVA Clinic EN\" \/>\n<meta property=\"og:description\" content=\"Cuidados especializados e apoio espec\u00edfico para pacientes internacionais em Portugal. Descubra as raz\u00f5es pelas quais Coimbra \u00e9 o destino ideal para realizar o seu tratamento de fertilidade.\" \/>\n<meta property=\"og:url\" content=\"https:\/\/avaclinic.pt\/en\/ava-clinic\/\" \/>\n<meta property=\"og:site_name\" content=\"AVA Clinic EN\" \/>\n<meta property=\"article:modified_time\" content=\"2025-10-15T14:35:09+00:00\" \/>\n<meta name=\"twitter:card\" content=\"summary_large_image\" \/>\n<script type=\"application\/ld+json\" class=\"yoast-schema-graph\">{\"@context\":\"https:\\\/\\\/schema.org\",\"@graph\":[{\"@type\":\"WebPage\",\"@id\":\"https:\\\/\\\/avaclinic.pt\\\/en\\\/ava-clinic\\\/\",\"url\":\"https:\\\/\\\/avaclinic.pt\\\/en\\\/ava-clinic\\\/\",\"name\":\"AVA Clinic - AVA Clinic EN\",\"isPartOf\":{\"@id\":\"https:\\\/\\\/avaclinic.pt\\\/en\\\/#website\"},\"datePublished\":\"2024-12-05T10:08:39+00:00\",\"dateModified\":\"2025-10-15T14:35:09+00:00\",\"description\":\"Cuidados especializados e apoio espec\u00edfico para pacientes internacionais em Portugal. Descubra as raz\u00f5es pelas quais Coimbra \u00e9 o destino ideal para realizar o seu tratamento de fertilidade.\",\"breadcrumb\":{\"@id\":\"https:\\\/\\\/avaclinic.pt\\\/en\\\/ava-clinic\\\/#breadcrumb\"},\"inLanguage\":\"en-GB\",\"potentialAction\":[{\"@type\":\"ReadAction\",\"target\":[\"https:\\\/\\\/avaclinic.pt\\\/en\\\/ava-clinic\\\/\"]}]},{\"@type\":\"BreadcrumbList\",\"@id\":\"https:\\\/\\\/avaclinic.pt\\\/en\\\/ava-clinic\\\/#breadcrumb\",\"itemListElement\":[{\"@type\":\"ListItem\",\"position\":1,\"name\":\"Home\",\"item\":\"https:\\\/\\\/avaclinic.pt\\\/en\\\/\"},{\"@type\":\"ListItem\",\"position\":2,\"name\":\"AVA Clinic\"}]},{\"@type\":\"WebSite\",\"@id\":\"https:\\\/\\\/avaclinic.pt\\\/en\\\/#website\",\"url\":\"https:\\\/\\\/avaclinic.pt\\\/en\\\/\",\"name\":\"AVA Clinic EN\",\"description\":\"\",\"potentialAction\":[{\"@type\":\"SearchAction\",\"target\":{\"@type\":\"EntryPoint\",\"urlTemplate\":\"https:\\\/\\\/avaclinic.pt\\\/en\\\/?s={search_term_string}\"},\"query-input\":{\"@type\":\"PropertyValueSpecification\",\"valueRequired\":true,\"valueName\":\"search_term_string\"}}],\"inLanguage\":\"en-GB\"}]}<\/script>\n<!-- \/ Yoast SEO plugin. -->","yoast_head_json":{"title":"AVA Clinic - AVA Clinic EN","description":"Cuidados especializados e apoio espec\u00edfico para pacientes internacionais em Portugal. Descubra as raz\u00f5es pelas quais Coimbra \u00e9 o destino ideal para realizar o seu tratamento de fertilidade.","robots":{"index":"index","follow":"follow","max-snippet":"max-snippet:-1","max-image-preview":"max-image-preview:large","max-video-preview":"max-video-preview:-1"},"canonical":"https:\/\/avaclinic.pt\/en\/ava-clinic\/","og_locale":"en_GB","og_type":"article","og_title":"AVA Clinic - AVA Clinic EN","og_description":"Cuidados especializados e apoio espec\u00edfico para pacientes internacionais em Portugal. Descubra as raz\u00f5es pelas quais Coimbra \u00e9 o destino ideal para realizar o seu tratamento de fertilidade.","og_url":"https:\/\/avaclinic.pt\/en\/ava-clinic\/","og_site_name":"AVA Clinic EN","article_modified_time":"2025-10-15T14:35:09+00:00","twitter_card":"summary_large_image","schema":{"@context":"https:\/\/schema.org","@graph":[{"@type":"WebPage","@id":"https:\/\/avaclinic.pt\/en\/ava-clinic\/","url":"https:\/\/avaclinic.pt\/en\/ava-clinic\/","name":"AVA Clinic - AVA Clinic EN","isPartOf":{"@id":"https:\/\/avaclinic.pt\/en\/#website"},"datePublished":"2024-12-05T10:08:39+00:00","dateModified":"2025-10-15T14:35:09+00:00","description":"Cuidados especializados e apoio espec\u00edfico para pacientes internacionais em Portugal. Descubra as raz\u00f5es pelas quais Coimbra \u00e9 o destino ideal para realizar o seu tratamento de fertilidade.","breadcrumb":{"@id":"https:\/\/avaclinic.pt\/en\/ava-clinic\/#breadcrumb"},"inLanguage":"en-GB","potentialAction":[{"@type":"ReadAction","target":["https:\/\/avaclinic.pt\/en\/ava-clinic\/"]}]},{"@type":"BreadcrumbList","@id":"https:\/\/avaclinic.pt\/en\/ava-clinic\/#breadcrumb","itemListElement":[{"@type":"ListItem","position":1,"name":"Home","item":"https:\/\/avaclinic.pt\/en\/"},{"@type":"ListItem","position":2,"name":"AVA Clinic"}]},{"@type":"WebSite","@id":"https:\/\/avaclinic.pt\/en\/#website","url":"https:\/\/avaclinic.pt\/en\/","name":"AVA Clinic EN","description":"","potentialAction":[{"@type":"SearchAction","target":{"@type":"EntryPoint","urlTemplate":"https:\/\/avaclinic.pt\/en\/?s={search_term_string}"},"query-input":{"@type":"PropertyValueSpecification","valueRequired":true,"valueName":"search_term_string"}}],"inLanguage":"en-GB"}]}},"featured_image_src":null,"featured_image_src_square":null,"_links":{"self":[{"href":"https:\/\/avaclinic.pt\/en\/wp-json\/wp\/v2\/pages\/1275","targetHints":{"allow":["GET"]}}],"collection":[{"href":"https:\/\/avaclinic.pt\/en\/wp-json\/wp\/v2\/pages"}],"about":[{"href":"https:\/\/avaclinic.pt\/en\/wp-json\/wp\/v2\/types\/page"}],"author":[{"embeddable":true,"href":"https:\/\/avaclinic.pt\/en\/wp-json\/wp\/v2\/users\/12"}],"replies":[{"embeddable":true,"href":"https:\/\/avaclinic.pt\/en\/wp-json\/wp\/v2\/comments?post=1275"}],"version-history":[{"count":0,"href":"https:\/\/avaclinic.pt\/en\/wp-json\/wp\/v2\/pages\/1275\/revisions"}],"wp:attachment":[{"href":"https:\/\/avaclinic.pt\/en\/wp-json\/wp\/v2\/media?parent=1275"}],"curies":[{"name":"wp","href":"https:\/\/api.w.org\/{rel}","templated":true}]}}